{"id":2784,"date":"2015-11-12T09:43:27","date_gmt":"2015-11-12T07:43:27","guid":{"rendered":"http:\/\/www.stilartmoebel.de\/zuhause-bei-sam\/?page_id=2784"},"modified":"2019-11-14T18:55:03","modified_gmt":"2019-11-14T16:55:03","slug":"impressum","status":"publish","type":"page","link":"https:\/\/www.stilartmoebel.de\/zuhause-bei-sam\/impressum\/","title":{"rendered":"Impressum"},"content":{"rendered":"<p><strong>Angaben gem\u00e4\u00df \u00a7 5 TMG:<\/strong><\/p>\n<p>SAM M\u00f6bel Outlet UG (haftungsbeschr\u00e4nkt)<br \/>\nAm Staffelstein 18<br \/>\nD-67292 Kirchheimbolanden<\/p>\n<p> <strong>Vertreten durch:<\/strong><\/p>\n<p> Gesch\u00e4ftsf\u00fchrerin: Anja Tonkowski<\/p>\n<p> <strong>Kontakt:<\/strong><\/p>\n<p>Telefon: +49 6352 &#8211; 70 54 19<br \/>\n E-Mail: info@stilartmoebel.de<\/p>\n<p> <strong>Registereintrag:<\/strong><\/p>\n<p>Eintragung im Handelsregister.<br \/>\nRegistergericht: Amtsgericht Mannheim<br \/>\nRegisternummer: B 720526<\/p>\n<p> <strong>Umsatzsteuer-ID:<\/strong><\/p>\n<p> <strong> Umsatzsteuer-Identifikationsnummer gem\u00e4\u00df \u00a727 a Umsatzsteuergesetz:<\/strong><br \/>\nDE297524401<\/p>\n<p> Verantwortlich f\u00fcr den Inhalt nach \u00a7 55 Abs. 2 RStV:<\/p>\n<p> Anja Tonkowski (Kontakt s.o.) <\/p>\n<p> <strong>Bildquellen:<\/strong><br \/>\n \u00a9 goodluz\/shutterstock.com<br \/>\n \u00a9 Roman Samborskyi\/shutterstock.com<\/p>\n","protected":false},"excerpt":{"rendered":"<p>Angaben gem\u00e4\u00df \u00a7 5 TMG: SAM M\u00f6bel Outlet UG (haftungsbeschr\u00e4nkt) Am Staffelstein 18 D-67292 Kirchheimbolanden Vertreten durch: Gesch\u00e4ftsf\u00fchrerin: Anja Tonkowski Kontakt: Telefon: +49 6352 &#8211; 70 54 19 E-Mail: info@stilartmoebel.de Registereintrag: Eintragung im Handelsregister. Registergericht: Amtsgericht Mannheim Registernummer: B 720526 Umsatzsteuer-ID: Umsatzsteuer-Identifikationsnummer gem\u00e4\u00df \u00a727 a Umsatzsteuergesetz: DE297524401 Verantwortlich f\u00fcr den Inhalt nach \u00a7 55 Abs. [&hellip;]<\/p>\n","protected":false},"author":2,"featured_media":5937,"parent":0,"menu_order":899,"comment_status":"closed","ping_status":"closed","template":"","meta":{"footnotes":""},"class_list":["post-2784","page","type-page","status-publish","has-post-thumbnail","hentry"],"_links":{"self":[{"href":"https:\/\/www.stilartmoebel.de\/zuhause-bei-sam\/wp-json\/wp\/v2\/pages\/2784","targetHints":{"allow":["GET"]}}],"collection":[{"href":"https:\/\/www.stilartmoebel.de\/zuhause-bei-sam\/wp-json\/wp\/v2\/pages"}],"about":[{"href":"https:\/\/www.stilartmoebel.de\/zuhause-bei-sam\/wp-json\/wp\/v2\/types\/page"}],"author":[{"embeddable":true,"href":"https:\/\/www.stilartmoebel.de\/zuhause-bei-sam\/wp-json\/wp\/v2\/users\/2"}],"replies":[{"embeddable":true,"href":"https:\/\/www.stilartmoebel.de\/zuhause-bei-sam\/wp-json\/wp\/v2\/comments?post=2784"}],"version-history":[{"count":12,"href":"https:\/\/www.stilartmoebel.de\/zuhause-bei-sam\/wp-json\/wp\/v2\/pages\/2784\/revisions"}],"predecessor-version":[{"id":13535,"href":"https:\/\/www.stilartmoebel.de\/zuhause-bei-sam\/wp-json\/wp\/v2\/pages\/2784\/revisions\/13535"}],"wp:featuredmedia":[{"embeddable":true,"href":"https:\/\/www.stilartmoebel.de\/zuhause-bei-sam\/wp-json\/wp\/v2\/media\/5937"}],"wp:attachment":[{"href":"https:\/\/www.stilartmoebel.de\/zuhause-bei-sam\/wp-json\/wp\/v2\/media?parent=2784"}],"curies":[{"name":"wp","href":"https:\/\/api.w.org\/{rel}","templated":true}]}}