{"id":2782,"date":"2015-11-12T09:42:20","date_gmt":"2015-11-12T07:42:20","guid":{"rendered":"http:\/\/www.stilartmoebel.de\/zuhause-bei-sam\/?page_id=2782"},"modified":"2018-08-30T13:04:16","modified_gmt":"2018-08-30T11:04:16","slug":"unsere-autoren","status":"publish","type":"page","link":"https:\/\/www.stilartmoebel.de\/zuhause-bei-sam\/unsere-autoren\/","title":{"rendered":"Unsere Autoren"},"content":{"rendered":"<p>Wir sind ein Team aus f\u00fcnf Redakteuren, und wir haben eine Mission: Wir informieren Sie rund um die Themen Wohnen, Garten und Dekoration.<\/p>\n<p>Wir wissen genau, wie viel Aufwand ein Umzug oder eine Renovierung sein k\u00f6nnen, zudem ist die Anschaffung neuer M\u00f6bel, die Neugestaltung von Wandbereichen oder eine Umstrukturierung des Gartens kostspielig. Das m\u00f6chte niemand \u00fcberst\u00fcrzt und uninformiert angehen.<\/p>\n<p>Und hier kommen wir ins Spiel: In unseren Beitr\u00e4gen finden Sie viele wertvolle Informationen, Ratschl\u00e4ge und Tipps zu allen Bereichen rund ums Wohnen. Dabei ist jeder von uns Experte in seinem Gebiet:<\/p>\n<ul>\n<li><strong><a href=\"https:\/\/www.stilartmoebel.de\/zuhause-bei-sam\/sabrina\/\">Sabrina<\/a><\/strong> besch\u00e4ftigt sich mit DIY-Ideen und stellt aktuelle Deko-Trends vor<\/li>\n<li><strong><a href=\"https:\/\/www.stilartmoebel.de\/zuhause-bei-sam\/leo\/\">Leo<\/a><\/strong> ber\u00e4t Sie rund um das Thema M\u00f6bel<\/li>\n<li><strong><a href=\"https:\/\/www.stilartmoebel.de\/zuhause-bei-sam\/mareike\/\">Mareike<\/a><\/strong> kennt alle Geheimnisse des Gartens<\/li>\n<li><strong><a href=\"https:\/\/www.stilartmoebel.de\/zuhause-bei-sam\/philipp\/\">Philipp<\/a><\/strong> ist Handwerker mit Leib und Seele<\/li>\n<li><strong><a href=\"https:\/\/www.stilartmoebel.de\/zuhause-bei-sam\/vanessa\/\">Vanessa<\/a><\/strong> ist unsere Expertin wenn es um neue Wohn-Trends geht<\/li>\n<\/ul>\n<p>Profitieren Sie von dem geb\u00fcndelten Wissen unserer Online-Redaktion \u2013 immer informiert, dank \u201eZuhause bei SAM\u201c. Wir schreiben exklusiv f\u00fcr Sie Beitr\u00e4ge zu den Themen in denen wir Experten sind, fundiert, kompetent und verst\u00e4ndlich. So erhalten Sie von uns Anregungen und Tipps aus erster Hand, selbst ausprobiert und f\u00fcr Sie zusammen gefasst.<\/p>\n<p>Sie haben Anregungen oder Kritik? Dann scheuen Sie sich nicht uns zu schreiben \u2013 wir freuen uns von Ihnen zu h\u00f6ren!<\/p>\n","protected":false},"excerpt":{"rendered":"<p>Wir sind ein Team aus f\u00fcnf Redakteuren, und wir haben eine Mission: Wir informieren Sie rund um die Themen Wohnen, Garten und Dekoration. Wir wissen genau, wie viel Aufwand ein Umzug oder eine Renovierung sein k\u00f6nnen, zudem ist die Anschaffung neuer M\u00f6bel, die Neugestaltung von Wandbereichen oder eine Umstrukturierung des Gartens kostspielig. Das m\u00f6chte niemand [&hellip;]<\/p>\n","protected":false},"author":2,"featured_media":13105,"parent":0,"menu_order":250,"comment_status":"closed","ping_status":"closed","template":"","meta":{"footnotes":""},"class_list":["post-2782","page","type-page","status-publish","has-post-thumbnail","hentry"],"_links":{"self":[{"href":"https:\/\/www.stilartmoebel.de\/zuhause-bei-sam\/wp-json\/wp\/v2\/pages\/2782","targetHints":{"allow":["GET"]}}],"collection":[{"href":"https:\/\/www.stilartmoebel.de\/zuhause-bei-sam\/wp-json\/wp\/v2\/pages"}],"about":[{"href":"https:\/\/www.stilartmoebel.de\/zuhause-bei-sam\/wp-json\/wp\/v2\/types\/page"}],"author":[{"embeddable":true,"href":"https:\/\/www.stilartmoebel.de\/zuhause-bei-sam\/wp-json\/wp\/v2\/users\/2"}],"replies":[{"embeddable":true,"href":"https:\/\/www.stilartmoebel.de\/zuhause-bei-sam\/wp-json\/wp\/v2\/comments?post=2782"}],"version-history":[{"count":9,"href":"https:\/\/www.stilartmoebel.de\/zuhause-bei-sam\/wp-json\/wp\/v2\/pages\/2782\/revisions"}],"predecessor-version":[{"id":8634,"href":"https:\/\/www.stilartmoebel.de\/zuhause-bei-sam\/wp-json\/wp\/v2\/pages\/2782\/revisions\/8634"}],"wp:featuredmedia":[{"embeddable":true,"href":"https:\/\/www.stilartmoebel.de\/zuhause-bei-sam\/wp-json\/wp\/v2\/media\/13105"}],"wp:attachment":[{"href":"https:\/\/www.stilartmoebel.de\/zuhause-bei-sam\/wp-json\/wp\/v2\/media?parent=2782"}],"curies":[{"name":"wp","href":"https:\/\/api.w.org\/{rel}","templated":true}]}}