{"id":2777,"date":"2015-11-12T09:28:01","date_gmt":"2015-11-12T07:28:01","guid":{"rendered":"http:\/\/www.stilartmoebel.de\/zuhause-bei-sam\/?page_id=2777"},"modified":"2018-08-30T13:07:46","modified_gmt":"2018-08-30T11:07:46","slug":"leo","status":"publish","type":"page","link":"https:\/\/www.stilartmoebel.de\/zuhause-bei-sam\/leo\/","title":{"rendered":"Leo"},"content":{"rendered":"<p align=\"LEFT\">Kommen Sie herein und setzen Sie sich! Mein Name ist Leo und ich bin 20 Jahre alt. In unserem Magazin \u201eZuhause bei SAM\u201c sind M\u00f6bel mein Bereich.<\/p>\n<p align=\"LEFT\">M\u00f6bel geben einem Raum Charakter und eine Seele, doch sie m\u00fcssen trotzdem den Anforderungen gerecht werden. Ein M\u00f6belst\u00fcck ist vielf\u00e4ltigen Belastungen ausgesetzt, je nachdem, was es ist. Niemand m\u00f6chte ein Sofa haben, das zwar toll aussieht, aber anf\u00e4ngt zu quietschen und zu wackeln, sobald sich mehr als zwei Leute darauf setzen.<\/p>\n<p align=\"LEFT\">Ich zeige Ihnen, wie Sie M\u00f6bel richtig pflegen, um sie lange sch\u00f6n zu halten. Dazu gebe ich Ihnen wertvolle Tipps zu Wohnkonzepten, etwa der Gestaltung mit Farbe, und zeige Ihnen, wie Sie ihre M\u00f6bel am Besten zur Geltung bringen. Also schauen Sie sich um, ich freue mich auf Sie!<\/p>\n<p align=\"LEFT\">\u00a0<\/p>\n","protected":false},"excerpt":{"rendered":"<p>Kommen Sie herein und setzen Sie sich! Mein Name ist Leo und ich bin 20 Jahre alt. In unserem Magazin \u201eZuhause bei SAM\u201c sind M\u00f6bel mein Bereich. M\u00f6bel geben einem Raum Charakter und eine Seele, doch sie m\u00fcssen trotzdem den Anforderungen gerecht werden. Ein M\u00f6belst\u00fcck ist vielf\u00e4ltigen Belastungen ausgesetzt, je nachdem, was es ist. Niemand [&hellip;]<\/p>\n","protected":false},"author":2,"featured_media":13107,"parent":0,"menu_order":997,"comment_status":"closed","ping_status":"closed","template":"","meta":{"footnotes":""},"class_list":["post-2777","page","type-page","status-publish","has-post-thumbnail","hentry"],"_links":{"self":[{"href":"https:\/\/www.stilartmoebel.de\/zuhause-bei-sam\/wp-json\/wp\/v2\/pages\/2777","targetHints":{"allow":["GET"]}}],"collection":[{"href":"https:\/\/www.stilartmoebel.de\/zuhause-bei-sam\/wp-json\/wp\/v2\/pages"}],"about":[{"href":"https:\/\/www.stilartmoebel.de\/zuhause-bei-sam\/wp-json\/wp\/v2\/types\/page"}],"author":[{"embeddable":true,"href":"https:\/\/www.stilartmoebel.de\/zuhause-bei-sam\/wp-json\/wp\/v2\/users\/2"}],"replies":[{"embeddable":true,"href":"https:\/\/www.stilartmoebel.de\/zuhause-bei-sam\/wp-json\/wp\/v2\/comments?post=2777"}],"version-history":[{"count":13,"href":"https:\/\/www.stilartmoebel.de\/zuhause-bei-sam\/wp-json\/wp\/v2\/pages\/2777\/revisions"}],"predecessor-version":[{"id":13109,"href":"https:\/\/www.stilartmoebel.de\/zuhause-bei-sam\/wp-json\/wp\/v2\/pages\/2777\/revisions\/13109"}],"wp:featuredmedia":[{"embeddable":true,"href":"https:\/\/www.stilartmoebel.de\/zuhause-bei-sam\/wp-json\/wp\/v2\/media\/13107"}],"wp:attachment":[{"href":"https:\/\/www.stilartmoebel.de\/zuhause-bei-sam\/wp-json\/wp\/v2\/media?parent=2777"}],"curies":[{"name":"wp","href":"https:\/\/api.w.org\/{rel}","templated":true}]}}