{"id":2773,"date":"2015-11-12T09:25:43","date_gmt":"2015-11-12T07:25:43","guid":{"rendered":"http:\/\/www.stilartmoebel.de\/zuhause-bei-sam\/?page_id=2773"},"modified":"2018-05-08T12:35:57","modified_gmt":"2018-05-08T10:35:57","slug":"mareike","status":"publish","type":"page","link":"https:\/\/www.stilartmoebel.de\/zuhause-bei-sam\/mareike\/","title":{"rendered":"Mareike"},"content":{"rendered":"<p>Folgen Sie mir in mein einzigartiges Reich! Ich hei\u00dfe Mareike und bin 23 Jahre alt. Ich war schon immer von Dekoration fasziniert. Als Kind habe ich immer geschaut, dass meine Bettdecke sch\u00f6n drapiert ist, sp\u00e4ter wurden daraus Blumen, Naturmaterialien, Kerzen und andere Accessoires. Ich habe sogar damals schon \u00fcber selbstgebaute M\u00f6bel und die Restauration von interessanten St\u00fccken nachgedacht.<\/p>\n<p>&nbsp;<\/p>\n<p>Ich wei\u00df, dass man Menschen mit so etwas wie einer sch\u00f6nen Dekoration echt gl\u00fccklich machen kann. Daher ist es mir eine gro\u00dfe Freude, meine Ideen und Erfahrungen mit unseren Lesern zu teilen. Ich freue mich auf Sie!<\/p>\n","protected":false},"excerpt":{"rendered":"<p>Folgen Sie mir in mein einzigartiges Reich! Ich hei\u00dfe Mareike und bin 23 Jahre alt. Ich war schon immer von Dekoration fasziniert. Als Kind habe ich immer geschaut, dass meine Bettdecke sch\u00f6n drapiert ist, sp\u00e4ter wurden daraus Blumen, Naturmaterialien, Kerzen und andere Accessoires. Ich habe sogar damals schon \u00fcber selbstgebaute M\u00f6bel und die Restauration von [&hellip;]<\/p>\n","protected":false},"author":2,"featured_media":12871,"parent":0,"menu_order":996,"comment_status":"closed","ping_status":"closed","template":"","meta":{"footnotes":""},"class_list":["post-2773","page","type-page","status-publish","has-post-thumbnail","hentry"],"_links":{"self":[{"href":"https:\/\/www.stilartmoebel.de\/zuhause-bei-sam\/wp-json\/wp\/v2\/pages\/2773","targetHints":{"allow":["GET"]}}],"collection":[{"href":"https:\/\/www.stilartmoebel.de\/zuhause-bei-sam\/wp-json\/wp\/v2\/pages"}],"about":[{"href":"https:\/\/www.stilartmoebel.de\/zuhause-bei-sam\/wp-json\/wp\/v2\/types\/page"}],"author":[{"embeddable":true,"href":"https:\/\/www.stilartmoebel.de\/zuhause-bei-sam\/wp-json\/wp\/v2\/users\/2"}],"replies":[{"embeddable":true,"href":"https:\/\/www.stilartmoebel.de\/zuhause-bei-sam\/wp-json\/wp\/v2\/comments?post=2773"}],"version-history":[{"count":9,"href":"https:\/\/www.stilartmoebel.de\/zuhause-bei-sam\/wp-json\/wp\/v2\/pages\/2773\/revisions"}],"predecessor-version":[{"id":12872,"href":"https:\/\/www.stilartmoebel.de\/zuhause-bei-sam\/wp-json\/wp\/v2\/pages\/2773\/revisions\/12872"}],"wp:featuredmedia":[{"embeddable":true,"href":"https:\/\/www.stilartmoebel.de\/zuhause-bei-sam\/wp-json\/wp\/v2\/media\/12871"}],"wp:attachment":[{"href":"https:\/\/www.stilartmoebel.de\/zuhause-bei-sam\/wp-json\/wp\/v2\/media?parent=2773"}],"curies":[{"name":"wp","href":"https:\/\/api.w.org\/{rel}","templated":true}]}}