{"id":2769,"date":"2015-11-12T09:21:49","date_gmt":"2015-11-12T07:21:49","guid":{"rendered":"http:\/\/www.stilartmoebel.de\/zuhause-bei-sam\/?page_id=2769"},"modified":"2018-08-30T13:08:11","modified_gmt":"2018-08-30T11:08:11","slug":"philipp","status":"publish","type":"page","link":"https:\/\/www.stilartmoebel.de\/zuhause-bei-sam\/philipp\/","title":{"rendered":"Philipp"},"content":{"rendered":"<p align=\"LEFT\">Hallo zusammen! Ich hei\u00dfe Philipp und bin 25 Jahre alt. Arbeiten mit den H\u00e4nden hat mir schon immer Spa\u00df gemacht. Mein Vater ist Maschinenschlosser von Beruf, und hat eine eigene Hobbywerkstatt im Keller. F\u00fcr ihn war ein Wochenende dort immer das Gr\u00f6\u00dfte. Ich habe mich fr\u00fch davon anstecken lassen, und konnte schon mit f\u00fcnf oder sechs die meisten Werkzeuge auf Zuruf herbringen. Mit zehn brauchte ich nur einen Blick auf eine Schraube werfen, und ich wusste, welcher Dreher zu nehmen war.<\/p>\n<p align=\"LEFT\">\u00a0<\/p>\n<p align=\"LEFT\">Wie Sie sich nun bestimmt schon denken k\u00f6nnen bin ich der Heimwerker in unserem \u201eZuhause bei SAM\u201c Magazin und m\u00f6chte mit meinen Beitr\u00e4gen die Lust aufs Heimwerken auch bei Ihnen wecken.<\/p>\n<p align=\"LEFT\">\u00a0<\/p>\n<p align=\"LEFT\">\u00a0<\/p>\n","protected":false},"excerpt":{"rendered":"<p>Hallo zusammen! Ich hei\u00dfe Philipp und bin 25 Jahre alt. Arbeiten mit den H\u00e4nden hat mir schon immer Spa\u00df gemacht. Mein Vater ist Maschinenschlosser von Beruf, und hat eine eigene Hobbywerkstatt im Keller. F\u00fcr ihn war ein Wochenende dort immer das Gr\u00f6\u00dfte. Ich habe mich fr\u00fch davon anstecken lassen, und konnte schon mit f\u00fcnf oder [&hellip;]<\/p>\n","protected":false},"author":2,"featured_media":13106,"parent":0,"menu_order":991,"comment_status":"closed","ping_status":"closed","template":"","meta":{"footnotes":""},"class_list":["post-2769","page","type-page","status-publish","has-post-thumbnail","hentry"],"_links":{"self":[{"href":"https:\/\/www.stilartmoebel.de\/zuhause-bei-sam\/wp-json\/wp\/v2\/pages\/2769","targetHints":{"allow":["GET"]}}],"collection":[{"href":"https:\/\/www.stilartmoebel.de\/zuhause-bei-sam\/wp-json\/wp\/v2\/pages"}],"about":[{"href":"https:\/\/www.stilartmoebel.de\/zuhause-bei-sam\/wp-json\/wp\/v2\/types\/page"}],"author":[{"embeddable":true,"href":"https:\/\/www.stilartmoebel.de\/zuhause-bei-sam\/wp-json\/wp\/v2\/users\/2"}],"replies":[{"embeddable":true,"href":"https:\/\/www.stilartmoebel.de\/zuhause-bei-sam\/wp-json\/wp\/v2\/comments?post=2769"}],"version-history":[{"count":10,"href":"https:\/\/www.stilartmoebel.de\/zuhause-bei-sam\/wp-json\/wp\/v2\/pages\/2769\/revisions"}],"predecessor-version":[{"id":13110,"href":"https:\/\/www.stilartmoebel.de\/zuhause-bei-sam\/wp-json\/wp\/v2\/pages\/2769\/revisions\/13110"}],"wp:featuredmedia":[{"embeddable":true,"href":"https:\/\/www.stilartmoebel.de\/zuhause-bei-sam\/wp-json\/wp\/v2\/media\/13106"}],"wp:attachment":[{"href":"https:\/\/www.stilartmoebel.de\/zuhause-bei-sam\/wp-json\/wp\/v2\/media?parent=2769"}],"curies":[{"name":"wp","href":"https:\/\/api.w.org\/{rel}","templated":true}]}}