{"id":2766,"date":"2015-11-11T19:01:12","date_gmt":"2015-11-11T17:01:12","guid":{"rendered":"http:\/\/www.stilartmoebel.de\/zuhause-bei-sam\/?page_id=2766"},"modified":"2016-03-09T11:11:22","modified_gmt":"2016-03-09T09:11:22","slug":"sabrina","status":"publish","type":"page","link":"https:\/\/www.stilartmoebel.de\/zuhause-bei-sam\/sabrina\/","title":{"rendered":"Sabrina"},"content":{"rendered":"<p>Ich begr\u00fc\u00dfe Sie ganz herzlich in meinem Garten! Mein Name ist Sabrina und ich bin 24 Jahre alt. Pflanzen sind meine Leidenschaft und alles was diese betrifft ist das Gr\u00f6\u00dfte f\u00fcr mich. Aus diesem Grund habe ich in unserem Magazin \u201eZuhause bei SAM\u201c\u00a0 den gr\u00fcnen Daumen.<\/p>\n<p>&nbsp;<\/p>\n<p>Ich freue mich darauf Ihnen dieses spannende Thema in allen Facetten n\u00e4her zu bringen. Vielleicht begeistere ich den ein oder anderen von Ihnen auch f\u00fcr Pflanzen.<\/p>\n<p>&nbsp;<\/p>\n","protected":false},"excerpt":{"rendered":"<p>Ich begr\u00fc\u00dfe Sie ganz herzlich in meinem Garten! Mein Name ist Sabrina und ich bin 24 Jahre alt. Pflanzen sind meine Leidenschaft und alles was diese betrifft ist das Gr\u00f6\u00dfte f\u00fcr mich. Aus diesem Grund habe ich in unserem Magazin \u201eZuhause bei SAM\u201c\u00a0 den gr\u00fcnen Daumen. &nbsp; Ich freue mich darauf Ihnen dieses spannende Thema [&hellip;]<\/p>\n","protected":false},"author":2,"featured_media":5864,"parent":0,"menu_order":990,"comment_status":"closed","ping_status":"closed","template":"","meta":{"footnotes":""},"class_list":["post-2766","page","type-page","status-publish","has-post-thumbnail","hentry"],"_links":{"self":[{"href":"https:\/\/www.stilartmoebel.de\/zuhause-bei-sam\/wp-json\/wp\/v2\/pages\/2766","targetHints":{"allow":["GET"]}}],"collection":[{"href":"https:\/\/www.stilartmoebel.de\/zuhause-bei-sam\/wp-json\/wp\/v2\/pages"}],"about":[{"href":"https:\/\/www.stilartmoebel.de\/zuhause-bei-sam\/wp-json\/wp\/v2\/types\/page"}],"author":[{"embeddable":true,"href":"https:\/\/www.stilartmoebel.de\/zuhause-bei-sam\/wp-json\/wp\/v2\/users\/2"}],"replies":[{"embeddable":true,"href":"https:\/\/www.stilartmoebel.de\/zuhause-bei-sam\/wp-json\/wp\/v2\/comments?post=2766"}],"version-history":[{"count":12,"href":"https:\/\/www.stilartmoebel.de\/zuhause-bei-sam\/wp-json\/wp\/v2\/pages\/2766\/revisions"}],"predecessor-version":[{"id":8642,"href":"https:\/\/www.stilartmoebel.de\/zuhause-bei-sam\/wp-json\/wp\/v2\/pages\/2766\/revisions\/8642"}],"wp:featuredmedia":[{"embeddable":true,"href":"https:\/\/www.stilartmoebel.de\/zuhause-bei-sam\/wp-json\/wp\/v2\/media\/5864"}],"wp:attachment":[{"href":"https:\/\/www.stilartmoebel.de\/zuhause-bei-sam\/wp-json\/wp\/v2\/media?parent=2766"}],"curies":[{"name":"wp","href":"https:\/\/api.w.org\/{rel}","templated":true}]}}